{"id":395,"date":"2023-12-18T17:27:24","date_gmt":"2023-12-18T17:27:24","guid":{"rendered":"https:\/\/cilingiredirne.com\/?page_id=395"},"modified":"2024-02-19T09:14:18","modified_gmt":"2024-02-19T09:14:18","slug":"home","status":"publish","type":"page","link":"https:\/\/cilingiredirne.com\/","title":{"rendered":"\u00c7ilingir Edirne"},"content":{"rendered":"\n<div style=\"height:30px\" aria-hidden=\"true\" class=\"wp-block-spacer\"><\/div>\n\n\n\n<a href=\"tel:+905455970266\" class=\"ui huge fluid icon primary right labeled button wp-block-gsui-button\" role=\"button\"><i aria-hidden=\"true\" class=\"arrow right icon\"><\/i>Hemen Aray\u0131n!<\/a>\n\n\n\n<div class=\"ui vertical segment wp-block-gsui-landing stripe tight\">\n<div class=\"ui container stackable equal width grid wp-block-gsui-grid\">\n<div class=\"row wp-block-gsui-row\">\n<div class=\"middle aligned eight wide column wp-block-gsui-column\">\n<h3 class=\"ui large header wp-block-gsui-header\">Edirnede \u00c7ilingir Hizmeti Veriyoruz!<\/h3>\n\n\n<nav aria-label=\"breadcrumbs\" class=\"rank-math-breadcrumb\"><p><span class=\"last\">\u00c7ilingir Edirne<\/span><\/p><\/nav>\n\n\n\n<p>Edirne \u00e7ilingir hizmetleri, \u015fehirdeki acil anahtar ve kilit sorunlar\u0131n\u0131 \u00e7\u00f6zmek i\u00e7in vazge\u00e7ilmez bir kaynakt\u0131r. G\u00fcvenilir ve profesyonel \u00e7ilingir ekibimiz, kap\u0131 a\u00e7ma, anahtar kopyalama, kilit de\u011fi\u015ftirme ve daha bir\u00e7ok hizmeti sunarak m\u00fc\u015fterilerimize yard\u0131mc\u0131 olur. Edirne&#8217;nin her b\u00f6lgesine h\u0131zl\u0131 cevap veren mobil ekibimiz sayesinde, g\u00fcvenlik sorunlar\u0131na an\u0131nda \u00e7\u00f6z\u00fcm getiriyor ve m\u00fc\u015fterilerimizin g\u00fcvenli\u011fini sa\u011flama konusundaki taahh\u00fcd\u00fcm\u00fcz\u00fc s\u00fcrd\u00fcr\u00fcyoruz.<\/p>\n\n\n\n<h3 class=\"ui large header wp-block-gsui-header\">M\u00fc\u015fteri Memnuiyeti<\/h3>\n\n\n\n<p>Edirne \u00e7ilingir olarak, m\u00fc\u015fteri memnuniyetini her zaman \u00f6nceli\u011fimiz olarak kabul ediyoruz. Tecr\u00fcbeli ve uzman personelimiz, her t\u00fcrl\u00fc kilit ve anahtar sorununa \u00e7\u00f6z\u00fcm bulmak i\u00e7in donan\u0131ml\u0131d\u0131r. H\u0131zl\u0131, g\u00fcvenilir ve uygun fiyatl\u0131 hizmetlerimizle, Edirne \u00e7ilingir olarak m\u00fc\u015fterilerimizin g\u00fcvendi\u011fi bir isim olmaktan gurur duyuyoruz. Her t\u00fcrl\u00fc acil durumda yan\u0131n\u0131zday\u0131z ve Edirne&#8217;deki \u00e7ilingir ihtiya\u00e7lar\u0131n\u0131z\u0131 kar\u015f\u0131lamak i\u00e7in bir telefon kadar yak\u0131n\u0131z.<\/p>\n<\/div>\n\n\n\n<div class=\"center aligned right floated middle aligned six wide column wp-block-gsui-column mca\">\n<img decoding=\"async\" alt=\"\" src=\"https:\/\/cilingiredirne.com\/wp-content\/uploads\/2023\/12\/residential.jpg\" class=\"ui large bordered centered rounded image wp-block-gsui-image\"\/>\n<\/div>\n<\/div>\n\n\n\n<div class=\"row wp-block-gsui-row\">\n<div class=\"center aligned column wp-block-gsui-column\">\n<a href=\"tel:+905455970266\" class=\"ui huge icon primary right labeled button wp-block-gsui-button\" role=\"button\"><i aria-hidden=\"true\" class=\"arrow right icon\"><\/i>Hemen Aray\u0131n<\/a>\n<\/div>\n<\/div>\n<\/div>\n<\/div>\n\n\n\n<div class=\"ui vertical segment wp-block-gsui-landing stripe alternate feature\">\n<div class=\"ui container stackable relaxed equal width grid wp-block-gsui-grid\">\n<div class=\"row wp-block-gsui-row\">\n<div class=\"center aligned column wp-block-gsui-column\">\n<div class=\"ui large header wp-block-gsui-header icon\"><i aria-hidden=\"true\" class=\"phone volume icon\"><\/i><div class=\"content\">Telefon<\/div><\/div>\n\n\n\n<a href=\"tel:+905455970266\" class=\"ui large button wp-block-gsui-button\" role=\"button\">Hemen Aray\u0131n!<\/a>\n<\/div>\n\n\n\n<div class=\"center aligned column wp-block-gsui-column\">\n<div class=\"ui large header wp-block-gsui-header icon\"><i aria-hidden=\"true\" class=\"key icon\"><\/i><div class=\"content\">\u00c7ilingir<\/div><\/div>\n\n\n\n<a href=\"tel:+905455970266\" class=\"ui large primary button wp-block-gsui-button\" role=\"button\">Kap\u0131da m\u0131 Kald\u0131n\u0131z?<\/a>\n<\/div>\n\n\n\n<div class=\"center aligned column wp-block-gsui-column\">\n<div class=\"ui large header wp-block-gsui-header icon\"><i aria-hidden=\"true\" class=\"whatsapp icon\"><\/i><div class=\"content\">Whatsapp<\/div><\/div>\n\n\n\n<a href=\"https:\/\/api.whatsapp.com\/send?phone=905455970266\" class=\"ui large button wp-block-gsui-button\" role=\"button\">Whatsapp<\/a>\n<\/div>\n<\/div>\n<\/div>\n<\/div>\n\n\n\n<div class=\"ui vertical segment wp-block-gsui-landing stripe\">\n<div class=\"ui text container wp-block-gsui-container\">\n<div class=\"wp-block-rank-math-toc-block\" id=\"rank-math-toc\"><h2 class=\"ui header\">Bu Sayfada<\/h2><nav><ul><li class=\"\"><a href=\"#faq-question-1708333763912\">Edirne&#8217;de \u00e7ilingir hizmeti hangi saatler aras\u0131nda?<\/a><\/li><\/ul><\/nav><\/div>\n\n\n\n<h3 class=\"ui medium header wp-block-gsui-header\">Edirne \u00c7ilingir Hizmeti<\/h3>\n\n\n\n<p>Edirne \u00e7ilingir hizmetleri, g\u00fcvenlik ve acil durumlarla ilgili her t\u00fcrl\u00fc ihtiyac\u0131n\u0131za profesyonel bir \u00e7\u00f6z\u00fcm sunar. Edirne&#8217;nin her b\u00f6lgesine h\u0131zl\u0131 ve etkili bir \u015fekilde ula\u015fan ekibimiz, kap\u0131 a\u00e7ma, kilit de\u011fi\u015ftirme, anahtar kopyalama gibi \u00e7ilingir hizmetlerini kaliteli bir \u015fekilde sunar. Sizlere h\u0131zl\u0131, g\u00fcvenilir ve uygun fiyatl\u0131 \u00e7ilingir hizmetleri sunarak, g\u00fcvende hissetmenizi sa\u011flamak i\u00e7in buraday\u0131z. Edirne&#8217;de \u00e7ilingir ihtiyac\u0131n\u0131z oldu\u011funda bize ula\u015f\u0131n, sorunlar\u0131n\u0131za an\u0131nda \u00e7\u00f6z\u00fcm bulmak i\u00e7in haz\u0131r\u0131z.<\/p>\n\n\n\n<div class=\"ui section divider wp-block-gsui-divider\"><\/div>\n\n\n\n<h3 class=\"ui medium header wp-block-gsui-header\">Kap\u0131da Kalmay\u0131n, Hemen Gelelim!<\/h3>\n\n\n\n<p>Edirne \u00e7ilingir hizmetleri, \u015fehirdeki herkesin g\u00fcvenli\u011fini \u00f6nemseyen, deneyimli ve profesyonel bir ekip taraf\u0131ndan sunulmaktad\u0131r. G\u00fcn\u00fcn her saatinde, acil durumlar dahil olmak \u00fczere, anahtar kay\u0131plar\u0131, kap\u0131 kilitleri ve g\u00fcvenlik sorunlar\u0131yla ilgili \u00e7\u00f6z\u00fcmler sunuyoruz. M\u00fc\u015fteri memnuniyeti odakl\u0131 hizmet anlay\u0131\u015f\u0131m\u0131zla, Edirne&#8217;de \u00e7ilingir ihtiyac\u0131n\u0131z\u0131 kar\u015f\u0131lamak i\u00e7in en iyi se\u00e7ene\u011fiz. G\u00fcvenilirlik, h\u0131z ve uygun fiyatlarla \u00e7ilingir hizmetlerimizle sizlere yard\u0131mc\u0131 olmak i\u00e7in buraday\u0131z.<\/p>\n<\/div>\n<\/div>\n\n\n\n<iframe src=\"https:\/\/www.google.com\/maps\/embed?pb=!1m18!1m12!1m3!1d23843.12525702865!2d26.552724901407146!3d41.66890576890401!2m3!1f0!2f0!3f0!3m2!1i1024!2i768!4f13.1!3m3!1m2!1s0x14b32f77a26304e1%3A0xa0cfc0ca431c30bc!2sEdirne%2C%20Edirne%20Merkez%2FEdirne!5e0!3m2!1str!2str!4v1702930618711!5m2!1str!2str\" width=\"1800\" height=\"450\" style=\"border:0;\" allowfullscreen=\"\" loading=\"lazy\" referrerpolicy=\"no-referrer-when-downgrade\"><\/iframe>\n\n\n<div id=\"rank-math-faq\" class=\"rank-math-block\">\n<div class=\"rank-math-list \">\n<div id=\"faq-question-1708333763912\" class=\"rank-math-list-item\">\n<h3 class=\"rank-math-question \">Edirne&#8217;de \u00e7ilingir hizmeti hangi saatler aras\u0131nda?<\/h3>\n<div class=\"rank-math-answer \">\n\n<p>\u00c7ilingir hizmeti edirnede 7\/24 verilmektedir. kap\u0131da kald\u0131\u011f\u0131n\u0131zda konum atman\u0131z yeterli.<\/p>\n\n<\/div>\n<\/div>\n<\/div>\n<\/div>\n\n\n<div class=\"ui vertical segment wp-block-gsui-landing stripe alternate\">\n<div class=\"ui stackable equal width grid wp-block-gsui-grid\">\n<div class=\"centered row wp-block-gsui-row\">\n<div class=\"fourteen wide column wp-block-gsui-column\">\n<div class=\"ui huge center aligned header wp-block-gsui-header icon\"><i aria-hidden=\"true\" class=\"phone volume icon\"><\/i><div class=\"content\">+90 545 597 02 66<div class=\"sub header\">Edirne \u00c7ilingirNumaras\u0131<\/div><\/div><\/div>\n\n\n\n<div class=\"ui basic center aligned segment wp-block-gsui-segment\">\n<button class=\"ui huge icon positive right labeled button wp-block-gsui-button\" role=\"button\"><i aria-hidden=\"true\" class=\"arrow right icon\"><\/i>Hemen Aray\u0131n!<\/button>\n<\/div>\n<\/div>\n<\/div>\n<\/div>\n<\/div>\n","protected":false},"excerpt":{"rendered":"","protected":false},"author":1,"featured_media":419,"parent":0,"menu_order":0,"comment_status":"closed","ping_status":"closed","template":"template-full-width.php","meta":{"footnotes":""},"class_list":["post-395","page","type-page","status-publish","has-post-thumbnail"],"_links":{"self":[{"href":"https:\/\/cilingiredirne.com\/index.php?rest_route=\/wp\/v2\/pages\/395","targetHints":{"allow":["GET"]}}],"collection":[{"href":"https:\/\/cilingiredirne.com\/index.php?rest_route=\/wp\/v2\/pages"}],"about":[{"href":"https:\/\/cilingiredirne.com\/index.php?rest_route=\/wp\/v2\/types\/page"}],"author":[{"embeddable":true,"href":"https:\/\/cilingiredirne.com\/index.php?rest_route=\/wp\/v2\/users\/1"}],"replies":[{"embeddable":true,"href":"https:\/\/cilingiredirne.com\/index.php?rest_route=%2Fwp%2Fv2%2Fcomments&post=395"}],"version-history":[{"count":15,"href":"https:\/\/cilingiredirne.com\/index.php?rest_route=\/wp\/v2\/pages\/395\/revisions"}],"predecessor-version":[{"id":480,"href":"https:\/\/cilingiredirne.com\/index.php?rest_route=\/wp\/v2\/pages\/395\/revisions\/480"}],"wp:featuredmedia":[{"embeddable":true,"href":"https:\/\/cilingiredirne.com\/index.php?rest_route=\/wp\/v2\/media\/419"}],"wp:attachment":[{"href":"https:\/\/cilingiredirne.com\/index.php?rest_route=%2Fwp%2Fv2%2Fmedia&parent=395"}],"curies":[{"name":"wp","href":"https:\/\/api.w.org\/{rel}","templated":true}]}}